{"id":272,"date":"2021-05-11T17:50:18","date_gmt":"2021-05-11T17:50:18","guid":{"rendered":"http:\/\/rentfinance.cat\/periciales-y-valoraciones\/"},"modified":"2021-05-12T07:16:20","modified_gmt":"2021-05-12T07:16:20","slug":"periciales-y-valoraciones","status":"publish","type":"page","link":"https:\/\/rentfinance.cat\/es\/periciales-y-valoraciones\/","title":{"rendered":"Periciales y Valoraciones"},"content":{"rendered":"\n<div class=\"wp-block-qubely-row alignfull qubely-section qubely-block-067e3d\"><div class=\"qubely-row-overlay\"><\/div><div class=\"qubely-container\"><div class=\"qubely-row \">\n<div class=\"wp-block-qubely-column qubely-column qubely-column-front qubely-block-86a841\"><div class=\"qubely-column-inner\">\n<div class=\"wp-block-qubely-row qubely-section qubely-block-e2733e\"><div class=\"qubely-row-overlay\"><\/div><div class=\"qubely-container-fluid\"><div class=\"qubely-row \">\n<div class=\"wp-block-qubely-column qubely-column qubely-column-front qubely-block-0923f3\"><div class=\"qubely-column-inner\">\n<div class=\"wp-block-qubely-heading qubely-block-ce956a\"><div class=\"qubely-block-heading  \"><div class=\"qubely-heading-container\"><h2 class=\"qubely-heading-selector\">Periciales y Valoraciones <\/h2><\/div><\/div><\/div>\n\n\n\n<p><\/p>\n<\/div><\/div>\n\n\n\n<div class=\"wp-block-qubely-column qubely-column qubely-column-front qubely-block-aa8b54\"><div class=\"qubely-column-inner\"><\/div><\/div>\n<\/div><\/div><\/div>\n\n\n\n<div class=\"wp-block-qubely-row qubely-section qubely-block-7e1d76\"><div class=\"qubely-row-overlay\"><\/div><div class=\"qubely-container-fluid\"><div class=\"qubely-row \">\n<div class=\"wp-block-qubely-column qubely-column qubely-column-front qubely-block-8538a0\"><div class=\"qubely-column-inner\">\n<div class=\"wp-block-qubely-image qubely-block-3b0647\"><div class=\"qubely-block-image  qubely-image-layout-simple\"><div class=\"qubely-image-media qubely-vertical-alignment-center qubely-horizontal-alignment-center\"><figure><div class=\"qubely-image-container\"><img class=\"qubely-image-image\" src=\"http:\/\/rentfinance.cat\/wp-content\/uploads\/2021\/03\/informes-valoracions.jpg\" alt=\"\"\/><\/div><\/figure><\/div><\/div><\/div>\n<\/div><\/div>\n\n\n\n<div class=\"wp-block-qubely-column qubely-column qubely-column-front qubely-block-293ef0\"><div class=\"qubely-column-inner\">\n<div class=\"wp-block-qubely-infobox qubely-block-23d346\"><div class=\"qubely-block-info-box  qubely-info-box-layout-4\"><div class=\"qubely-info-box-body\"><div class=\"qubely-info-box-title-container  qubely-separator-position-top\"><div class=\"qubely-info-box-title-inner\"><h2 class=\"qubely-info-box-title\">Periciales y Valoraciones<\/h2><\/div><\/div><div class=\"qubely-info-box-content\"><div class=\"qubely-info-box-text\">Elaboraci\u00f3n &nbsp;de informes econ\u00f3micos necesarios en el \u00e1mbito empresarial y judicial.<\/div><\/div><\/div><\/div><\/div>\n\n\n\n<h4 class=\"has-white-color has-text-color\">Informes Periciales<\/h4>\n\n\n\n<div class=\"wp-block-qubely-advancedlist qubely-block-908bf9\"><div class=\"qubely-block-advanced-list  qubely-alignment-left\"><ul class=\"qubely-list qubely-list-type-unordered qubely-list-bullet-check-circle\"><li>Validaci\u00f3n de compromisos contractuales<\/li><li>Acuerdos entre socios y\/o direcci\u00f3n<\/li><li>Informes en procedimientos judiciales<\/li><\/ul><\/div><\/div>\n\n\n\n<h4 class=\"has-white-color has-text-color\">Informes de Valoraci\u00f3n de Empresas y Negocios<\/h4>\n\n\n\n<div class=\"wp-block-qubely-advancedlist qubely-block-4792d1\"><div class=\"qubely-block-advanced-list  qubely-alignment-left\"><ul class=\"qubely-list qubely-list-type-unordered qubely-list-bullet-check-circle\"><li>Herencias, compraventas<\/li><li>Ampliaciones de capital<\/li><\/ul><\/div><\/div>\n<\/div><\/div>\n<\/div><\/div><\/div>\n<\/div><\/div>\n<\/div><\/div><\/div>\n\n\n\n<div class=\"wp-block-qubely-row alignfull qubely-section qubely-block-6eef5e\" id=\"contacta\"><div class=\"qubely-row-overlay\"><\/div><div class=\"qubely-container\"><div class=\"qubely-row \">\n<div class=\"wp-block-qubely-column qubely-column qubely-column-front qubely-block-09ef22\"><div class=\"qubely-column-inner\">\n<div class=\"wp-block-qubely-row qubely-section qubely-block-2a4b4b\"><div class=\"qubely-row-overlay\"><\/div><div class=\"qubely-container-fluid\"><div class=\"qubely-row \">\n<div class=\"wp-block-qubely-column qubely-column qubely-column-front qubely-block-6d155b\"><div class=\"qubely-column-inner\">\n<div class=\"wp-block-qubely-map qubely-block-76d769\"><iframe loading=\"lazy\" width=\"100%\" height=\"350px\" src=\"https:\/\/maps.google.com\/maps?q=Arag%C3%B3%2C%20188%2C%20pral.%201%C2%AA%2008011%20Barcelona&amp;t=&amp;z=16&amp;ie=UTF8&amp;iwloc=&amp;output=embed\" frameborder=\"0\" scrolling=\"no\" marginheight=\"0\" marginwidth=\"0\"><\/iframe><\/div>\n<\/div><\/div>\n\n\n\n<div class=\"wp-block-qubely-column qubely-column qubely-column-front qubely-block-6cf6c8\"><div class=\"qubely-column-inner\">\n<div class=\"wp-block-qubely-infobox qubely-block-a7f2d2\"><div class=\"qubely-block-info-box  qubely-info-box-layout-1\"><div class=\"qubely-info-box-media qubely-media-has-bg\"><i class=\"qubely-info-box-icon fas fa-envelope\"><\/i><\/div><div class=\"qubely-info-box-body\"><div class=\"qubely-info-box-title-container  qubely-separator-position-top\"><div class=\"qubely-info-box-title-inner\"><h2 class=\"qubely-info-box-title\"><\/h2><\/div><\/div><div class=\"qubely-info-box-content\"><div class=\"qubely-info-box-text\"><strong>RENTFINANCE<\/strong><br>Arag\u00f3, 188, pral. 1\u00aa<br>08011 Barcelona<br><strong>Tel\u00e9fono<\/strong><br>722 241 895<br><strong>Email<\/strong><br><a href=\"mailto:rentfinancebcn@gmail.com\" data-type=\"mailto\" data-id=\"mailto:rentfinancebcn@gmail.com\"><\/a><a href=\"mailto:rentfinancebcn@gmail.com\">rentfinancebcn@gmail.com<\/a><\/div><\/div><\/div><\/div><\/div>\n<\/div><\/div>\n<\/div><\/div><\/div>\n<\/div><\/div>\n<\/div><\/div><\/div>\n","protected":false},"excerpt":{"rendered":"","protected":false},"author":1,"featured_media":0,"parent":0,"menu_order":0,"comment_status":"closed","ping_status":"closed","template":"qubely_full_width","meta":{"qubely_global_settings":"","qubely_interactions":""},"_links":{"self":[{"href":"https:\/\/rentfinance.cat\/es\/wp-json\/wp\/v2\/pages\/272"}],"collection":[{"href":"https:\/\/rentfinance.cat\/es\/wp-json\/wp\/v2\/pages"}],"about":[{"href":"https:\/\/rentfinance.cat\/es\/wp-json\/wp\/v2\/types\/page"}],"author":[{"embeddable":true,"href":"https:\/\/rentfinance.cat\/es\/wp-json\/wp\/v2\/users\/1"}],"replies":[{"embeddable":true,"href":"https:\/\/rentfinance.cat\/es\/wp-json\/wp\/v2\/comments?post=272"}],"version-history":[{"count":5,"href":"https:\/\/rentfinance.cat\/es\/wp-json\/wp\/v2\/pages\/272\/revisions"}],"predecessor-version":[{"id":378,"href":"https:\/\/rentfinance.cat\/es\/wp-json\/wp\/v2\/pages\/272\/revisions\/378"}],"wp:attachment":[{"href":"https:\/\/rentfinance.cat\/es\/wp-json\/wp\/v2\/media?parent=272"}],"curies":[{"name":"wp","href":"https:\/\/api.w.org\/{rel}","templated":true}]}}